{"id":3741,"date":"2024-01-18T05:53:33","date_gmt":"2024-01-18T05:53:33","guid":{"rendered":"http:\/\/192.168.0.130:10049\/?page_id=3741"},"modified":"2025-04-15T16:43:50","modified_gmt":"2025-04-15T16:43:50","slug":"about-us","status":"publish","type":"page","link":"https:\/\/www.macro.cl\/?page_id=3741","title":{"rendered":"About Us"},"content":{"rendered":"\t\t<div data-elementor-type=\"wp-page\" data-elementor-id=\"3741\" class=\"elementor elementor-3741\">\n\t\t\t\t\r\n\t\t<div class=\"default no-position show_shadow rs-sticky-default elementor-element elementor-element-b6254ba e-flex e-con-boxed e-con e-parent\" data-id=\"b6254ba\" data-element_type=\"container\" data-e-type=\"container\">\n\t\t\t\t\t<div class=\"e-con-inner\">\n\t\t\r\n\t\t\t\t<div class=\"elementor-element elementor-element-f763c52 elementor-widget elementor-widget-rs-heading\" data-id=\"f763c52\" data-element_type=\"widget\" data-e-type=\"widget\" data-widget_type=\"rs-heading.default\">\n\t\t\t\t<div class=\"elementor-widget-container\">\n\t\t\t\t\t\n\t\t<div class=\"prelements-heading style1  center\">\n\t\t\t<div class=\"title-inner\">\n\t\t\t\t\t\t\t\t\t<span class=\"sub-text\">\n\t\t\t\t\t\t\t\t\t\t\t\tnuestra\t\t\t\t\t<\/span>\n\t\t\t\t<h4 class=\"title rs-split-text-disable \">Experiencia<\/h4>\n\t\t\t<\/div>\n\t\t\t\t\t<\/div>\n\t\t\t\t<\/div>\n\t\t\t\t<\/div>\n\t\t\r\n\t\t\t\t<div class=\"elementor-element elementor-element-2c4c6dd elementor-widget elementor-widget-text-editor\" data-id=\"2c4c6dd\" data-element_type=\"widget\" data-e-type=\"widget\" data-widget_type=\"text-editor.default\">\n\t\t\t\t<div class=\"elementor-widget-container\">\n\t\t\t\t\t\t\t\t\t<p><strong>Nuestra trayectoria<\/strong> de m\u00e1s de 25 a\u00f1os en el mercado, avala nuestra experiencia, marcas reconocidas y clientes satisfechos.<\/p>\t\t\t\t\t\t\t\t<\/div>\n\t\t\t\t<\/div>\n\t\t\t\t\t<\/div>\n\t\t\t\t<\/div>\n\t\t\r\n\t\t<div class=\"default no-position show_shadow rs-sticky-default elementor-element elementor-element-0961346 e-flex e-con-boxed e-con e-parent\" data-id=\"0961346\" data-element_type=\"container\" data-e-type=\"container\">\n\t\t\t\t\t<div class=\"e-con-inner\">\n\t\t\r\n\t\t<div class=\"default no-position show_shadow rs-sticky-default elementor-element elementor-element-17d183f e-con-full e-flex e-con e-child\" data-id=\"17d183f\" data-element_type=\"container\" data-e-type=\"container\">\n\t\t\r\n\t\t\t\t<div class=\"elementor-element elementor-element-8f12c6d elementor-widget elementor-widget-text-editor\" data-id=\"8f12c6d\" data-element_type=\"widget\" data-e-type=\"widget\" data-widget_type=\"text-editor.default\">\n\t\t\t\t<div class=\"elementor-widget-container\">\n\t\t\t\t\t\t\t\t\t<ul><li>CENCOSUD<\/li><li>WALMART CHILE<\/li><li>MALL PLAZA<\/li><li>PARQUE ARAUCO<\/li><li>FALABELLA<\/li><li>TOTTUS<\/li><li>SODIMAC<\/li><li>RENTAS FALABELLA<\/li><li>CORPGROUP<\/li><li>SMU<\/li><li>UNIMARC<\/li><li>FARMACIAS CRUZ VERDE<\/li><li>DUOMO<\/li><li>PRE UNIC<\/li><li>CONSTRUPLAZA<\/li><li>MALL RECOLETA<\/li><li>INMOBILIARIA BROTEC-ICAFAL<\/li><li>INMOBILIARIA ACONCAGUA<\/li><li>INMOBILIARIA MANQUEHUE<\/li><li>PIEDRA ROJA DESARROLLOS INMOBILIARIOS<\/li><li>INMOBILIARIA ENACO<\/li><li>INMOBILIARIA SOCOVESA<\/li><li>FFV DESARROLLO INMOBILIARIO<\/li><li>INMOBILIARIA LAS BRISAS DE CHICUREO<\/li><li>INMOBILIARIA CUMBRES DELA DEHESA<\/li><li>ENEA PARQUE DE NEGOCIOS<\/li><li>EMPRESAS PY<\/li><li>GRUPO ECSA<\/li><li>CONSTRUCTORA MALPO<\/li><li>INMOBILIARIA PACAL<\/li><li>INMOBILIARIA GPR<\/li><li>CORPORACI\u00d3N HABITACIONAL CCHC<\/li><li>INMOBILIARIA CASTRO &amp; TAGLE<\/li><li>INMOBILIARIA MENA Y OVALLE<\/li><li>INMOBILIARIA SANTA ISABEL\u00a0<\/li><\/ul>\t\t\t\t\t\t\t\t<\/div>\n\t\t\t\t<\/div>\n\t\t\t\t<\/div>\n\t\t\r\n\t\t<div class=\"default no-position show_shadow rs-sticky-default elementor-element elementor-element-cc0907a e-con-full e-flex e-con e-child\" data-id=\"cc0907a\" data-element_type=\"container\" data-e-type=\"container\">\n\t\t\r\n\t\t\t\t<div class=\"elementor-element elementor-element-eb9b63a elementor-widget elementor-widget-text-editor\" data-id=\"eb9b63a\" data-element_type=\"widget\" data-e-type=\"widget\" data-widget_type=\"text-editor.default\">\n\t\t\t\t<div class=\"elementor-widget-container\">\n\t\t\t\t\t\t\t\t\t<ul><li>INMOBILIARIA VALLE ALEGRE<\/li><li>INMOBILIARIA EL MAIT\u00c9N<\/li><li>INMOBILIARIA EL BOLDAL<\/li><li>INMOBILIARIA AZAPA<\/li><li>SOLHABIT<\/li><li>H&amp;C INVERSIONES<\/li><li>LAS AM\u00c9RICAS AFI<\/li><li>PENTA VIDA<\/li><li>LAGUNA CAR\u00c9N INVESTMENT CORPORATION<\/li><li>SANTANDER FONDOS DE INVERSI\u00d3N<\/li><li>METLIFE<\/li><li>ING GROUP<\/li><li>INERSA INV. INMOBILIARIAS<\/li><li>INVERSIONES URBANAS<\/li><li>LAUREATE INTERNATIONAL UNIVERSITIES<\/li><li>PARQUE DEL SENDERO<\/li><li>EMPRESAS COPEC<\/li><li>GRUPO INDUMOTORA<\/li><li>CAROZZI<\/li><li>TURISMO RUTA VERDE<\/li><li>DERCORP<\/li><li>INVERSIONES PORTO SEGURO<\/li><li>AGR\u00cdCOLA SANTA CARMEN<\/li><li>MINERA SALI HOCHSCHILD<\/li><li>GRUPO CABAL<\/li><li>PROMACO<\/li><li>FAMILIA TRUCCO<\/li><li>GPS GLOBAL PROPERTY SOLUTIONS<\/li><li>COLLIERS<\/li><li>TRAMMELL CROW COMPANY<\/li><li>EJ\u00c9RCITO DE CHILE<\/li><li>MUNICIPALIDAD DE LO BARNECHEA<\/li><li>SEREMI VIVIENDA VI REGI\u00d3N<\/li><li>SEREMI VIVIENDA VII REGI\u00d3N<\/li><li>SEREMI VIVIENDA IX REGI\u00d3N<\/li><\/ul>\t\t\t\t\t\t\t\t<\/div>\n\t\t\t\t<\/div>\n\t\t\t\t<\/div>\n\t\t\r\n\t\t<div class=\"default no-position show_shadow rs-sticky-default elementor-element elementor-element-07b225b e-con-full e-flex e-con e-child\" data-id=\"07b225b\" data-element_type=\"container\" data-e-type=\"container\">\n\t\t\r\n\t\t\t\t<div class=\"elementor-element elementor-element-ad432ee elementor-widget elementor-widget-text-editor\" data-id=\"ad432ee\" data-element_type=\"widget\" data-e-type=\"widget\" data-widget_type=\"text-editor.default\">\n\t\t\t\t<div class=\"elementor-widget-container\">\n\t\t\t\t\t\t\t\t\t<ul><li><p>FANTASILANDIA<\/p><\/li><li><p>CIMENTA ADMINISTRADORA DE FONDOS DE INVERSI\u00d3N INMOBILIARIA<\/p><\/li><li><p>FONDO INDEPENDENCIA INVERSI\u00d3N INMOBILIARIA<\/p><\/li><li><p>CONSORCIO<\/p><\/li><li><p>BSF &#8211; MEGACENTRO &#8211; BODENOR &#8211; GRUPO PATIO &#8211; URBAC<\/p><\/li><li><p>\u2060SRC (FAMILIA DEL R\u00cdO)<\/p><\/li><li><p>\u2060FAMILIA CAMARENA &#8211; FAMILIA AZ\u00d3CAR &#8211; FAMILIA CRUZ GUZM\u00c1N &#8211; FAMILIA ENGELL<\/p><\/li><li><p>\u2060GSI FONDO DE INVERSI\u00d3N<\/p><\/li><li><p>VI\u00d1A CONCHA Y TORO &#8211; GRUPO RR WINES &#8211; CCU<\/p><\/li><li><p>DLP &#8211; INMOBILIARIA SINERGIA &#8211; INMOBILIARIA BAKER &#8211; INMOBILIARIA RALEI &#8211; INARCO &#8211; PATAGONLAND<\/p><\/li><li><p>COMPA\u00d1\u00cdA DE JES\u00daS<\/p><\/li><li><p>CONSULTECK TASACIONES AGRICOLAS<\/p><\/li><li><p>GRUPO EVANS ABOGADOS &#8211; TORRETTI Y C\u00cdA. ABOGADOS &#8211; SUSTENTABLE &#8211; ESTUDIO GUERRERO Y OLIVOS ABOGADOS<\/p><\/li><li><p>AGUAS NORTE &#8211; BRISAS AGUA &#8211; AGUAS ANDINA<\/p><\/li><li><p>\u2060DIVERSAS CONSULTORAS INMOBILIARIAS<\/p><\/li><\/ul>\t\t\t\t\t\t\t\t<\/div>\n\t\t\t\t<\/div>\n\t\t\t\t<\/div>\n\t\t\t\t\t<\/div>\n\t\t\t\t<\/div>\n\t\t\r\n\t\t<div class=\"default no-position show_shadow rs-sticky-default elementor-element elementor-element-6198962 e-grid e-con-boxed e-con e-parent\" data-id=\"6198962\" data-element_type=\"container\" data-e-type=\"container\">\n\t\t\t\t\t<div class=\"e-con-inner\">\n\t\t\r\n\t\t\t\t<div class=\"elementor-element elementor-element-fc6822e elementor-widget elementor-widget-spacer\" data-id=\"fc6822e\" data-element_type=\"widget\" data-e-type=\"widget\" data-widget_type=\"spacer.default\">\n\t\t\t\t<div class=\"elementor-widget-container\">\n\t\t\t\t\t\t\t<div class=\"elementor-spacer\">\n\t\t\t<div class=\"elementor-spacer-inner\"><\/div>\n\t\t<\/div>\n\t\t\t\t\t\t<\/div>\n\t\t\t\t<\/div>\n\t\t\t\t\t<\/div>\n\t\t\t\t<\/div>\n\t\t\t\t<\/div>\n\t\t","protected":false},"excerpt":{"rendered":"<p>nuestra Experiencia Nuestra trayectoria de m\u00e1s de 25 a\u00f1os en el mercado, avala nuestra experiencia, marcas reconocidas y clientes satisfechos. CENCOSUD WALMART CHILE MALL PLAZA PARQUE ARAUCO FALABELLA TOTTUS SODIMAC RENTAS FALABELLA CORPGROUP SMU UNIMARC FARMACIAS CRUZ VERDE DUOMO PRE UNIC CONSTRUPLAZA MALL RECOLETA INMOBILIARIA BROTEC-ICAFAL INMOBILIARIA ACONCAGUA INMOBILIARIA MANQUEHUE PIEDRA ROJA DESARROLLOS INMOBILIARIOS INMOBILIARIA&#8230;<\/p>\n","protected":false},"author":1,"featured_media":0,"parent":0,"menu_order":0,"comment_status":"closed","ping_status":"closed","template":"elementor_header_footer","meta":{"footnotes":""},"class_list":["post-3741","page","type-page","status-publish","hentry"],"aioseo_notices":[],"_links":{"self":[{"href":"https:\/\/www.macro.cl\/index.php?rest_route=\/wp\/v2\/pages\/3741","targetHints":{"allow":["GET"]}}],"collection":[{"href":"https:\/\/www.macro.cl\/index.php?rest_route=\/wp\/v2\/pages"}],"about":[{"href":"https:\/\/www.macro.cl\/index.php?rest_route=\/wp\/v2\/types\/page"}],"author":[{"embeddable":true,"href":"https:\/\/www.macro.cl\/index.php?rest_route=\/wp\/v2\/users\/1"}],"replies":[{"embeddable":true,"href":"https:\/\/www.macro.cl\/index.php?rest_route=%2Fwp%2Fv2%2Fcomments&post=3741"}],"version-history":[{"count":28,"href":"https:\/\/www.macro.cl\/index.php?rest_route=\/wp\/v2\/pages\/3741\/revisions"}],"predecessor-version":[{"id":30184,"href":"https:\/\/www.macro.cl\/index.php?rest_route=\/wp\/v2\/pages\/3741\/revisions\/30184"}],"wp:attachment":[{"href":"https:\/\/www.macro.cl\/index.php?rest_route=%2Fwp%2Fv2%2Fmedia&parent=3741"}],"curies":[{"name":"wp","href":"https:\/\/api.w.org\/{rel}","templated":true}]}}