{"id":21,"date":"2024-01-03T11:04:56","date_gmt":"2024-01-03T11:04:56","guid":{"rendered":"http:\/\/192.168.0.130:10046\/?page_id=21"},"modified":"2025-04-15T16:41:18","modified_gmt":"2025-04-15T16:41:18","slug":"about","status":"publish","type":"page","link":"https:\/\/www.macro.cl\/?page_id=21","title":{"rendered":"<font style=\"vertical-align: inherit;\"><font style=\"vertical-align: inherit;\">Acerca de<\/font><\/font>"},"content":{"rendered":"\t\t<div data-elementor-type=\"wp-page\" data-elementor-id=\"21\" class=\"elementor elementor-21\">\n\t\t\t\t\r\n\t\t<div class=\"default no-position show_shadow rs-sticky-default elementor-element elementor-element-f1c3274 e-flex e-con-boxed e-con e-parent\" data-id=\"f1c3274\" data-element_type=\"container\" data-e-type=\"container\">\n\t\t\t\t\t<div class=\"e-con-inner\">\n\t\t\r\n\t\t<div class=\"default no-position show_shadow rs-sticky-default elementor-element elementor-element-1ca6b60 e-con-full elementor-hidden-tablet elementor-hidden-mobile e-flex e-con e-child\" data-id=\"1ca6b60\" data-element_type=\"container\" data-e-type=\"container\">\n\t\t\t\t<\/div>\n\t\t\r\n\t\t<div class=\"default no-position show_shadow rs-sticky-default elementor-element elementor-element-aeb181e e-con-full e-flex e-con e-child\" data-id=\"aeb181e\" data-element_type=\"container\" data-e-type=\"container\">\n\t\t\r\n\t\t\t\t<div class=\"elementor-element elementor-element-607be0c elementor-widget__width-initial elementor-widget elementor-widget-rs-heading\" data-id=\"607be0c\" data-element_type=\"widget\" data-e-type=\"widget\" data-widget_type=\"rs-heading.default\">\n\t\t\t\t<div class=\"elementor-widget-container\">\n\t\t\t\t\t\n\t\t<div class=\"prelements-heading style1  center\">\n\t\t\t<div class=\"title-inner\">\n\t\t\t\t\t\t\t\t\t<span class=\"sub-text\">\n\t\t\t\t\t\t\t\t\t\t\t\tMACRO\t\t\t\t\t<\/span>\n\t\t\t\t<h4 class=\"title rs-split-text-disable \">Quienes Somos<\/h4>\n\t\t\t<\/div>\n\t\t\t\t\t<\/div>\n\t\t\t\t<\/div>\n\t\t\t\t<\/div>\n\t\t\t\t<\/div>\n\t\t\r\n\t\t<div class=\"default no-position show_shadow rs-sticky-default elementor-element elementor-element-0a14907 e-con-full elementor-hidden-tablet elementor-hidden-mobile e-flex e-con e-child\" data-id=\"0a14907\" data-element_type=\"container\" data-e-type=\"container\">\n\t\t\t\t<\/div>\n\t\t\t\t\t<\/div>\n\t\t\t\t<\/div>\n\t\t\r\n\t\t<div class=\"default no-position show_shadow rs-sticky-default elementor-element elementor-element-51bebbe e-flex e-con-boxed e-con e-parent\" data-id=\"51bebbe\" data-element_type=\"container\" data-e-type=\"container\">\n\t\t\t\t\t<div class=\"e-con-inner\">\n\t\t\r\n\t\t<div class=\"default no-position show_shadow rs-sticky-default elementor-element elementor-element-d62f671 e-flex e-con-boxed e-con e-child\" data-id=\"d62f671\" data-element_type=\"container\" data-e-type=\"container\">\n\t\t\t\t\t<div class=\"e-con-inner\">\n\t\t\r\n\t\t<div class=\"default no-position show_shadow rs-sticky-default elementor-element elementor-element-6452aa5 e-flex e-con-boxed e-con e-child\" data-id=\"6452aa5\" data-element_type=\"container\" data-e-type=\"container\">\n\t\t\t\t\t<div class=\"e-con-inner\">\n\t\t\r\n\t\t<div class=\"default no-position show_shadow rs-sticky-default elementor-element elementor-element-fa1afd0 e-flex e-con-boxed e-con e-child\" data-id=\"fa1afd0\" data-element_type=\"container\" data-e-type=\"container\">\n\t\t\t\t\t<div class=\"e-con-inner\">\n\t\t\r\n\t\t<div class=\"default no-position show_shadow rs-sticky-default elementor-element elementor-element-c5bd4b1 e-flex e-con-boxed e-con e-child\" data-id=\"c5bd4b1\" data-element_type=\"container\" data-e-type=\"container\">\n\t\t\t\t\t<div class=\"e-con-inner\">\n\t\t\r\n\t\t<div class=\"default no-position show_shadow rs-sticky-default elementor-element elementor-element-794b1d0 e-con-full e-flex e-con e-child\" data-id=\"794b1d0\" data-element_type=\"container\" data-e-type=\"container\">\n\t\t\r\n\t\t\t\t<div class=\"elementor-element elementor-element-42f8dd6 elementor-widget elementor-widget-image\" data-id=\"42f8dd6\" data-element_type=\"widget\" data-e-type=\"widget\" data-widget_type=\"image.default\">\n\t\t\t\t<div class=\"elementor-widget-container\">\n\t\t\t\t\t\t\t\t\t\t\t\t\t\t\t<img fetchpriority=\"high\" decoding=\"async\" width=\"767\" height=\"568\" src=\"http:\/\/www.macro.cl\/web\/wp-content\/uploads\/2025\/04\/SOMOS1.jpg\" class=\"attachment-full size-full wp-image-29833\" alt=\"\" srcset=\"http:\/\/www.macro.cl\/web\/wp-content\/uploads\/2025\/04\/SOMOS1.jpg 767w, http:\/\/www.macro.cl\/web\/wp-content\/uploads\/2025\/04\/SOMOS1-300x222.jpg 300w\" sizes=\"(max-width: 767px) 100vw, 767px\" \/>\t\t\t\t\t\t\t\t\t\t\t\t\t\t\t<\/div>\n\t\t\t\t<\/div>\n\t\t\t\t<\/div>\n\t\t\r\n\t\t<div class=\"default no-position show_shadow rs-sticky-default elementor-element elementor-element-575c3e9 e-con-full elementor-hidden-laptop elementor-hidden-tablet elementor-hidden-mobile e-flex e-con e-child\" data-id=\"575c3e9\" data-element_type=\"container\" data-e-type=\"container\">\n\t\t\r\n\t\t\t\t<div class=\"elementor-element elementor-element-3780560 elementor-widget elementor-widget-image\" data-id=\"3780560\" data-element_type=\"widget\" data-e-type=\"widget\" data-widget_type=\"image.default\">\n\t\t\t\t<div class=\"elementor-widget-container\">\n\t\t\t\t\t\t\t\t\t\t\t\t\t\t\t<img decoding=\"async\" src=\"https:\/\/industrie.rstheme.com\/architecture\/wp-content\/uploads\/2024\/02\/Icon.png\" title=\"\" alt=\"\" loading=\"lazy\" \/>\t\t\t\t\t\t\t\t\t\t\t\t\t\t\t<\/div>\n\t\t\t\t<\/div>\n\t\t\t\t<\/div>\n\t\t\t\t\t<\/div>\n\t\t\t\t<\/div>\n\t\t\t\t\t<\/div>\n\t\t\t\t<\/div>\n\t\t\r\n\t\t<div class=\"default no-position show_shadow rs-sticky-default elementor-element elementor-element-93a18ec e-flex e-con-boxed e-con e-child\" data-id=\"93a18ec\" data-element_type=\"container\" data-e-type=\"container\" data-settings=\"{&quot;background_background&quot;:&quot;classic&quot;}\">\n\t\t\t\t\t<div class=\"e-con-inner\">\n\t\t\r\n\t\t<div class=\"default no-position show_shadow rs-sticky-default elementor-element elementor-element-7a5c91e e-con-full elementor-hidden-laptop elementor-hidden-tablet elementor-hidden-mobile e-flex e-con e-child\" data-id=\"7a5c91e\" data-element_type=\"container\" data-e-type=\"container\">\n\t\t\t\t<\/div>\n\t\t\r\n\t\t<div class=\"default no-position show_shadow rs-sticky-default elementor-element elementor-element-cf52bbc e-con-full e-flex e-con e-child\" data-id=\"cf52bbc\" data-element_type=\"container\" data-e-type=\"container\" data-settings=\"{&quot;background_background&quot;:&quot;classic&quot;}\">\n\t\t\r\n\t\t\t\t<div class=\"elementor-element elementor-element-7de3e42 elementor-widget elementor-widget-rs-heading\" data-id=\"7de3e42\" data-element_type=\"widget\" data-e-type=\"widget\" data-widget_type=\"rs-heading.default\">\n\t\t\t\t<div class=\"elementor-widget-container\">\n\t\t\t\t\t\n\t\t<div class=\"prelements-heading default  \">\n\t\t\t<div class=\"title-inner\">\n\t\t\t\t<h5 class=\"title rs-split-text-disable \">Nuestra Misi\u00f3n<\/h5>\n\t\t\t<\/div>\n\t\t\t\t\t\t\t<div class=\"description\">\n\t\t\t\t\t<p>Nos importa entregar un producto de calidad, pensado para las condiciones espec\u00edficas de cada nuevo desaf\u00edo. La sinerg\u00eda que resulta de la relaci\u00f3n entre todas las \u00e1reas de <strong>MACRO<\/strong> aporta una visi\u00f3n global del tema inmobiliario que nos permite lograr proyectos bien conceptualizados desde su origen.<\/p><p>\u00a0<\/p>\t\t\t\t<\/div>\n\t\t\t\t\t<\/div>\n\t\t\t\t<\/div>\n\t\t\t\t<\/div>\n\t\t\t\t<\/div>\n\t\t\t\t\t<\/div>\n\t\t\t\t<\/div>\n\t\t\t\t\t<\/div>\n\t\t\t\t<\/div>\n\t\t\r\n\t\t<div class=\"default no-position show_shadow rs-sticky-default elementor-element elementor-element-8444519 e-flex e-con-boxed e-con e-child\" data-id=\"8444519\" data-element_type=\"container\" data-e-type=\"container\">\n\t\t\t\t\t<div class=\"e-con-inner\">\n\t\t\r\n\t\t<div class=\"default no-position show_shadow rs-sticky-default elementor-element elementor-element-8f0e588 e-flex e-con-boxed e-con e-child\" data-id=\"8f0e588\" data-element_type=\"container\" data-e-type=\"container\">\n\t\t\t\t\t<div class=\"e-con-inner\">\n\t\t\r\n\t\t<div class=\"default no-position show_shadow rs-sticky-default elementor-element elementor-element-e6629dd e-flex e-con-boxed e-con e-child\" data-id=\"e6629dd\" data-element_type=\"container\" data-e-type=\"container\">\n\t\t\t\t\t<div class=\"e-con-inner\">\n\t\t\r\n\t\t<div class=\"default no-position show_shadow rs-sticky-default elementor-element elementor-element-05d2dcd e-con-full e-flex e-con e-child\" data-id=\"05d2dcd\" data-element_type=\"container\" data-e-type=\"container\">\n\t\t\r\n\t\t\t\t<div class=\"elementor-element elementor-element-28e7619 elementor-widget elementor-widget-image\" data-id=\"28e7619\" data-element_type=\"widget\" data-e-type=\"widget\" data-widget_type=\"image.default\">\n\t\t\t\t<div class=\"elementor-widget-container\">\n\t\t\t\t\t\t\t\t\t\t\t\t\t\t\t<img decoding=\"async\" width=\"767\" height=\"568\" src=\"http:\/\/www.macro.cl\/web\/wp-content\/uploads\/2025\/04\/SOMOS2.jpg\" class=\"attachment-full size-full wp-image-29834\" alt=\"\" srcset=\"http:\/\/www.macro.cl\/web\/wp-content\/uploads\/2025\/04\/SOMOS2.jpg 767w, http:\/\/www.macro.cl\/web\/wp-content\/uploads\/2025\/04\/SOMOS2-300x222.jpg 300w\" sizes=\"(max-width: 767px) 100vw, 767px\" \/>\t\t\t\t\t\t\t\t\t\t\t\t\t\t\t<\/div>\n\t\t\t\t<\/div>\n\t\t\t\t<\/div>\n\t\t\r\n\t\t<div class=\"default no-position show_shadow rs-sticky-default elementor-element elementor-element-1e0a8c6 e-con-full elementor-hidden-laptop elementor-hidden-tablet elementor-hidden-mobile e-flex e-con e-child\" data-id=\"1e0a8c6\" data-element_type=\"container\" data-e-type=\"container\">\n\t\t\r\n\t\t\t\t<div class=\"elementor-element elementor-element-ffa8b19 elementor-widget elementor-widget-image\" data-id=\"ffa8b19\" data-element_type=\"widget\" data-e-type=\"widget\" data-widget_type=\"image.default\">\n\t\t\t\t<div class=\"elementor-widget-container\">\n\t\t\t\t\t\t\t\t\t\t\t\t\t\t\t<img decoding=\"async\" src=\"https:\/\/industrie.rstheme.com\/architecture\/wp-content\/uploads\/2024\/02\/icon1.png\" title=\"\" alt=\"\" loading=\"lazy\" \/>\t\t\t\t\t\t\t\t\t\t\t\t\t\t\t<\/div>\n\t\t\t\t<\/div>\n\t\t\t\t<\/div>\n\t\t\t\t\t<\/div>\n\t\t\t\t<\/div>\n\t\t\t\t\t<\/div>\n\t\t\t\t<\/div>\n\t\t\r\n\t\t<div class=\"default no-position show_shadow rs-sticky-default elementor-element elementor-element-67ab7d0 e-flex e-con-boxed e-con e-child\" data-id=\"67ab7d0\" data-element_type=\"container\" data-e-type=\"container\" data-settings=\"{&quot;background_background&quot;:&quot;classic&quot;}\">\n\t\t\t\t\t<div class=\"e-con-inner\">\n\t\t\r\n\t\t<div class=\"default no-position show_shadow rs-sticky-default elementor-element elementor-element-5f51398 e-con-full elementor-hidden-laptop elementor-hidden-tablet elementor-hidden-mobile e-flex e-con e-child\" data-id=\"5f51398\" data-element_type=\"container\" data-e-type=\"container\">\n\t\t\t\t<\/div>\n\t\t\r\n\t\t<div class=\"default no-position show_shadow rs-sticky-default elementor-element elementor-element-52cc0cd e-con-full e-flex e-con e-child\" data-id=\"52cc0cd\" data-element_type=\"container\" data-e-type=\"container\" data-settings=\"{&quot;background_background&quot;:&quot;classic&quot;}\">\n\t\t\r\n\t\t\t\t<div class=\"elementor-element elementor-element-86d33f1 elementor-widget elementor-widget-rs-heading\" data-id=\"86d33f1\" data-element_type=\"widget\" data-e-type=\"widget\" data-widget_type=\"rs-heading.default\">\n\t\t\t\t<div class=\"elementor-widget-container\">\n\t\t\t\t\t\n\t\t<div class=\"prelements-heading default  \">\n\t\t\t<div class=\"title-inner\">\n\t\t\t\t<h5 class=\"title rs-split-text-disable \">Nuestra Visi\u00f3n<\/h5>\n\t\t\t<\/div>\n\t\t\t\t\t\t\t<div class=\"description\">\n\t\t\t\t\t<p><strong>SOMOS<\/strong>\u00a0una empresa orientada a la asesor\u00eda inmobiliaria en temas vinculados con la gesti\u00f3n de suelo y el desarrollo de proyectos, aspectos que aborda desde diferentes perspectivas de evaluaci\u00f3n y desarrollo. La amplitud de enfoques que se encuentran en <strong>MACRO<\/strong> deriva en resultados que integran diferentes elementos del an\u00e1lisis inmobiliario, territorial y proyectual.<\/p>\t\t\t\t<\/div>\n\t\t\t\t\t<\/div>\n\t\t\t\t<\/div>\n\t\t\t\t<\/div>\n\t\t\t\t<\/div>\n\t\t\t\t\t<\/div>\n\t\t\t\t<\/div>\n\t\t\t\t\t<\/div>\n\t\t\t\t<\/div>\n\t\t\t\t\t<\/div>\n\t\t\t\t<\/div>\n\t\t\t\t\t<\/div>\n\t\t\t\t<\/div>\n\t\t\r\n\t\t<div class=\"default no-position show_shadow rs-sticky-default elementor-element elementor-element-2e52600 e-con-full e-flex e-con e-parent\" data-id=\"2e52600\" data-element_type=\"container\" data-e-type=\"container\">\n\t\t\r\n\t\t<div class=\"default no-position show_shadow rs-sticky-default elementor-element elementor-element-4dfd7e0 e-flex e-con-boxed e-con e-child\" data-id=\"4dfd7e0\" data-element_type=\"container\" data-e-type=\"container\">\n\t\t\t\t\t<div class=\"e-con-inner\">\n\t\t\r\n\t\t<div class=\"default no-position show_shadow rs-sticky-default elementor-element elementor-element-3852a0b e-flex e-con-boxed e-con e-child\" data-id=\"3852a0b\" data-element_type=\"container\" data-e-type=\"container\">\n\t\t\t\t\t<div class=\"e-con-inner\">\n\t\t\r\n\t\t<div class=\"default no-position show_shadow rs-sticky-default elementor-element elementor-element-11993ac e-con-full e-flex e-con e-child\" data-id=\"11993ac\" data-element_type=\"container\" data-e-type=\"container\">\n\t\t\r\n\t\t\t\t<div class=\"elementor-element elementor-element-e3999f9 elementor-widget__width-initial elementor-widget elementor-widget-rs-heading\" data-id=\"e3999f9\" data-element_type=\"widget\" data-e-type=\"widget\" data-widget_type=\"rs-heading.default\">\n\t\t\t\t<div class=\"elementor-widget-container\">\n\t\t\t\t\t\n\t\t<div class=\"prelements-heading style1  left\">\n\t\t\t<div class=\"title-inner\">\n\t\t\t\t\t\t\t\t\t<span class=\"sub-text\">\n\t\t\t\t\t\t\t\t\t\t\t\tEQUIPO DE TRABAJO\t\t\t\t\t<\/span>\n\t\t\t\t<h4 class=\"title rs-split-text-disable \">Directores de \u00c1rea<\/h4>\n\t\t\t<\/div>\n\t\t\t\t\t<\/div>\n\t\t\t\t<\/div>\n\t\t\t\t<\/div>\n\t\t\t\t<\/div>\n\t\t\r\n\t\t<div class=\"default no-position show_shadow rs-sticky-default elementor-element elementor-element-61e9792 e-con-full e-flex e-con e-child\" data-id=\"61e9792\" data-element_type=\"container\" data-e-type=\"container\">\n\t\t\t\t<\/div>\n\t\t\t\t\t<\/div>\n\t\t\t\t<\/div>\n\t\t\t\t\t<\/div>\n\t\t\t\t<\/div>\n\t\t\t\t<\/div>\n\t\t\r\n\t\t<div class=\"default no-position show_shadow rs-sticky-default elementor-element elementor-element-3e79942 e-flex e-con-boxed e-con e-parent\" data-id=\"3e79942\" data-element_type=\"container\" data-e-type=\"container\">\n\t\t\t\t\t<div class=\"e-con-inner\">\n\t\t\r\n\t\t<div class=\"default no-position show_shadow rs-sticky-default elementor-element elementor-element-bb3468c e-con-full e-flex e-con e-child\" data-id=\"bb3468c\" data-element_type=\"container\" data-e-type=\"container\">\n\t\t\r\n\t\t\t\t<div class=\"elementor-element elementor-element-6985b05 elementor-widget elementor-widget-image\" data-id=\"6985b05\" data-element_type=\"widget\" data-e-type=\"widget\" data-widget_type=\"image.default\">\n\t\t\t\t<div class=\"elementor-widget-container\">\n\t\t\t\t\t\t\t\t\t\t\t\t\t\t\t<img decoding=\"async\" width=\"470\" height=\"580\" src=\"http:\/\/www.macro.cl\/web\/wp-content\/uploads\/2024\/03\/Gabriel-Rojas_Macro.jpg\" class=\"attachment-large size-large wp-image-29952\" alt=\"\" srcset=\"http:\/\/www.macro.cl\/web\/wp-content\/uploads\/2024\/03\/Gabriel-Rojas_Macro.jpg 470w, http:\/\/www.macro.cl\/web\/wp-content\/uploads\/2024\/03\/Gabriel-Rojas_Macro-243x300.jpg 243w\" sizes=\"(max-width: 470px) 100vw, 470px\" \/>\t\t\t\t\t\t\t\t\t\t\t\t\t\t\t<\/div>\n\t\t\t\t<\/div>\n\t\t\r\n\t\t\t\t<div class=\"elementor-element elementor-element-59cbbd6 elementor-widget elementor-widget-heading\" data-id=\"59cbbd6\" data-element_type=\"widget\" data-e-type=\"widget\" data-widget_type=\"heading.default\">\n\t\t\t\t<div class=\"elementor-widget-container\">\n\t\t\t\t\t<h4 class=\"elementor-heading-title elementor-size-default\"><h4 class=\"team-name\" style=\"margin-bottom: 0px;font-weight: 500;line-height: 36px;font-size: 24px;letter-spacing: -1px;text-transform: capitalize;text-align: center\"><a href=\"https:\/\/www.macro.cl\/?teams=penelopa-miller\">Gabriel Rojas Aguirre<\/a><\/h4><span style=\", sans-serif;font-size: 16px;font-weight: 400;text-align: center\">Director de Gesti\u00f3n Urbana<br> de Proyectos<\/span><\/h4>\t\t\t\t<\/div>\n\t\t\t\t<\/div>\n\t\t\r\n\t\t\t\t<div class=\"elementor-element elementor-element-ddd8ce7 elementor-widget elementor-widget-rs-button\" data-id=\"ddd8ce7\" data-element_type=\"widget\" data-e-type=\"widget\" data-widget_type=\"rs-button.default\">\n\t\t\t\t<div class=\"elementor-widget-container\">\n\t\t\t\t\t\t\t<div class=\"rs-button style1\">\r\n\t\t\t\t\t\t<a class=\"rs-btn\" href=\"https:\/\/www.macro.cl\/?teams=penelopa-miller\" >\t\r\n\t\t\t\t<span>Ver m\u00e1s \r\n\t\t\t\t\t\t\t\t\t<em>\r\n\t\t\t\t\t\t<i aria-hidden=\"true\" class=\"ri-arrow-right-line\"><\/i>\t\t\t\t\t\t<i aria-hidden=\"true\" class=\"ri-arrow-right-line\"><\/i>\t\t\t\t\t<\/em>\t\r\n\t\t\t\t\t\t\t\t<\/span>\r\n\t\t\t<\/a>\r\n\t\t<\/div>\r\n\t\t\t\t<\/div>\n\t\t\t\t<\/div>\n\t\t\t\t<\/div>\n\t\t\r\n\t\t<div class=\"default no-position show_shadow rs-sticky-default elementor-element elementor-element-27d9d27 e-con-full e-flex e-con e-child\" data-id=\"27d9d27\" data-element_type=\"container\" data-e-type=\"container\">\n\t\t\r\n\t\t\t\t<div class=\"elementor-element elementor-element-883f66c elementor-widget elementor-widget-image\" data-id=\"883f66c\" data-element_type=\"widget\" data-e-type=\"widget\" data-widget_type=\"image.default\">\n\t\t\t\t<div class=\"elementor-widget-container\">\n\t\t\t\t\t\t\t\t\t\t\t\t\t\t\t<img loading=\"lazy\" decoding=\"async\" width=\"470\" height=\"580\" src=\"http:\/\/www.macro.cl\/web\/wp-content\/uploads\/2024\/03\/Mario-Ferrecio_Macro.jpg\" class=\"attachment-large size-large wp-image-29955\" alt=\"\" srcset=\"http:\/\/www.macro.cl\/web\/wp-content\/uploads\/2024\/03\/Mario-Ferrecio_Macro.jpg 470w, http:\/\/www.macro.cl\/web\/wp-content\/uploads\/2024\/03\/Mario-Ferrecio_Macro-243x300.jpg 243w\" sizes=\"(max-width: 470px) 100vw, 470px\" \/>\t\t\t\t\t\t\t\t\t\t\t\t\t\t\t<\/div>\n\t\t\t\t<\/div>\n\t\t\r\n\t\t\t\t<div class=\"elementor-element elementor-element-83cb325 elementor-widget elementor-widget-heading\" data-id=\"83cb325\" data-element_type=\"widget\" data-e-type=\"widget\" data-widget_type=\"heading.default\">\n\t\t\t\t<div class=\"elementor-widget-container\">\n\t\t\t\t\t<h4 class=\"elementor-heading-title elementor-size-default\"><h4 class=\"team-name\" style=\"margin-bottom: 0px;font-weight: 500;line-height: 36px;font-size: 24px;letter-spacing: -1px;text-transform: capitalize;text-align: center\"><a href=\"https:\/\/www.macro.cl\/?teams=penelopa-miller\"> Mario Ferreccio Pesce <\/a><\/h4><span style=\", sans-serif;font-size: 16px;font-weight: 400;text-align: center\">Director de Estudios Urbanos y <br>de Mercado<\/span><\/h4>\t\t\t\t<\/div>\n\t\t\t\t<\/div>\n\t\t\r\n\t\t\t\t<div class=\"elementor-element elementor-element-9f8a3b2 elementor-widget elementor-widget-rs-button\" data-id=\"9f8a3b2\" data-element_type=\"widget\" data-e-type=\"widget\" data-widget_type=\"rs-button.default\">\n\t\t\t\t<div class=\"elementor-widget-container\">\n\t\t\t\t\t\t\t<div class=\"rs-button style1\">\r\n\t\t\t\t\t\t<a class=\"rs-btn\" href=\"https:\/\/www.macro.cl\/?teams=peter-hase\" >\t\r\n\t\t\t\t<span>Ver m\u00e1s \r\n\t\t\t\t\t\t\t\t\t<em>\r\n\t\t\t\t\t\t<i aria-hidden=\"true\" class=\"ri-arrow-right-line\"><\/i>\t\t\t\t\t\t<i aria-hidden=\"true\" class=\"ri-arrow-right-line\"><\/i>\t\t\t\t\t<\/em>\t\r\n\t\t\t\t\t\t\t\t<\/span>\r\n\t\t\t<\/a>\r\n\t\t<\/div>\r\n\t\t\t\t<\/div>\n\t\t\t\t<\/div>\n\t\t\t\t<\/div>\n\t\t\r\n\t\t<div class=\"default no-position show_shadow rs-sticky-default elementor-element elementor-element-5c1a791 e-con-full e-flex e-con e-child\" data-id=\"5c1a791\" data-element_type=\"container\" data-e-type=\"container\">\n\t\t\r\n\t\t\t\t<div class=\"elementor-element elementor-element-6261419 elementor-widget elementor-widget-image\" data-id=\"6261419\" data-element_type=\"widget\" data-e-type=\"widget\" data-widget_type=\"image.default\">\n\t\t\t\t<div class=\"elementor-widget-container\">\n\t\t\t\t\t\t\t\t\t\t\t\t\t\t\t<img loading=\"lazy\" decoding=\"async\" width=\"471\" height=\"580\" src=\"http:\/\/www.macro.cl\/web\/wp-content\/uploads\/2024\/03\/Jose-Ignacio-Allendes_Macro.jpg\" class=\"attachment-large size-large wp-image-29954\" alt=\"\" srcset=\"http:\/\/www.macro.cl\/web\/wp-content\/uploads\/2024\/03\/Jose-Ignacio-Allendes_Macro.jpg 471w, http:\/\/www.macro.cl\/web\/wp-content\/uploads\/2024\/03\/Jose-Ignacio-Allendes_Macro-244x300.jpg 244w\" sizes=\"(max-width: 471px) 100vw, 471px\" \/>\t\t\t\t\t\t\t\t\t\t\t\t\t\t\t<\/div>\n\t\t\t\t<\/div>\n\t\t\r\n\t\t\t\t<div class=\"elementor-element elementor-element-0507b67 elementor-widget elementor-widget-heading\" data-id=\"0507b67\" data-element_type=\"widget\" data-e-type=\"widget\" data-widget_type=\"heading.default\">\n\t\t\t\t<div class=\"elementor-widget-container\">\n\t\t\t\t\t<h4 class=\"elementor-heading-title elementor-size-default\"><h4 class=\"team-name\" style=\"margin-bottom: 0px;font-weight: 500;line-height: 36px;font-size: 24px;letter-spacing: -1px;text-transform: capitalize;text-align: center\"><a href=\"https:\/\/www.macro.cl\/?teams=penelopa-miller\"> Jos\u00e9  Ignacio Allendes Mar\u00edn <\/a><\/h4><span style=\", sans-serif;font-size: 16px;font-weight: 400;text-align: center\">Director de Gesti\u00f3n<br> Inmobiliaria<\/span><\/h4>\t\t\t\t<\/div>\n\t\t\t\t<\/div>\n\t\t\r\n\t\t\t\t<div class=\"elementor-element elementor-element-2603548 elementor-widget elementor-widget-rs-button\" data-id=\"2603548\" data-element_type=\"widget\" data-e-type=\"widget\" data-widget_type=\"rs-button.default\">\n\t\t\t\t<div class=\"elementor-widget-container\">\n\t\t\t\t\t\t\t<div class=\"rs-button style1\">\r\n\t\t\t\t\t\t<a class=\"rs-btn\" href=\"https:\/\/www.macro.cl\/?teams=lawrence-peter\" >\t\r\n\t\t\t\t<span>Ver m\u00e1s \r\n\t\t\t\t\t\t\t\t\t<em>\r\n\t\t\t\t\t\t<i aria-hidden=\"true\" class=\"ri-arrow-right-line\"><\/i>\t\t\t\t\t\t<i aria-hidden=\"true\" class=\"ri-arrow-right-line\"><\/i>\t\t\t\t\t<\/em>\t\r\n\t\t\t\t\t\t\t\t<\/span>\r\n\t\t\t<\/a>\r\n\t\t<\/div>\r\n\t\t\t\t<\/div>\n\t\t\t\t<\/div>\n\t\t\t\t<\/div>\n\t\t\r\n\t\t<div class=\"default no-position show_shadow rs-sticky-default elementor-element elementor-element-d7dedef e-con-full e-flex e-con e-child\" data-id=\"d7dedef\" data-element_type=\"container\" data-e-type=\"container\">\n\t\t\r\n\t\t\t\t<div class=\"elementor-element elementor-element-d0c1e96 elementor-widget elementor-widget-image\" data-id=\"d0c1e96\" data-element_type=\"widget\" data-e-type=\"widget\" data-widget_type=\"image.default\">\n\t\t\t\t<div class=\"elementor-widget-container\">\n\t\t\t\t\t\t\t\t\t\t\t\t\t\t\t<img loading=\"lazy\" decoding=\"async\" width=\"470\" height=\"580\" src=\"http:\/\/www.macro.cl\/web\/wp-content\/uploads\/2024\/03\/Ivan-Gonzalez_Macro.jpg\" class=\"attachment-large size-large wp-image-29953\" alt=\"\" srcset=\"http:\/\/www.macro.cl\/web\/wp-content\/uploads\/2024\/03\/Ivan-Gonzalez_Macro.jpg 470w, http:\/\/www.macro.cl\/web\/wp-content\/uploads\/2024\/03\/Ivan-Gonzalez_Macro-243x300.jpg 243w\" sizes=\"(max-width: 470px) 100vw, 470px\" \/>\t\t\t\t\t\t\t\t\t\t\t\t\t\t\t<\/div>\n\t\t\t\t<\/div>\n\t\t\r\n\t\t\t\t<div class=\"elementor-element elementor-element-4594508 elementor-widget elementor-widget-heading\" data-id=\"4594508\" data-element_type=\"widget\" data-e-type=\"widget\" data-widget_type=\"heading.default\">\n\t\t\t\t<div class=\"elementor-widget-container\">\n\t\t\t\t\t<h4 class=\"elementor-heading-title elementor-size-default\"><h4 class=\"team-name\" style=\"margin-bottom: 0px;font-weight: 500;line-height: 36px;font-size: 24px;letter-spacing: -1px;text-transform: capitalize;text-align: center\"><a href=\"https:\/\/www.macro.cl\/?teams=penelopa-miller\"> Iv\u00e1n Gonz\u00e1lez G\u00e1lvez <\/a><\/h4><span style=\", sans-serif;font-size: 16px;font-weight: 400;text-align: center\">Director de Arquitectura y<br> Dise\u00f1o Urbano<\/span><\/h4>\t\t\t\t<\/div>\n\t\t\t\t<\/div>\n\t\t\r\n\t\t\t\t<div class=\"elementor-element elementor-element-4f94c9b elementor-widget elementor-widget-rs-button\" data-id=\"4f94c9b\" data-element_type=\"widget\" data-e-type=\"widget\" data-widget_type=\"rs-button.default\">\n\t\t\t\t<div class=\"elementor-widget-container\">\n\t\t\t\t\t\t\t<div class=\"rs-button style1\">\r\n\t\t\t\t\t\t<a class=\"rs-btn\" href=\"https:\/\/www.macro.cl\/?teams=bradley-roy\" >\t\r\n\t\t\t\t<span>Ver m\u00e1s \r\n\t\t\t\t\t\t\t\t\t<em>\r\n\t\t\t\t\t\t<i aria-hidden=\"true\" class=\"ri-arrow-right-line\"><\/i>\t\t\t\t\t\t<i aria-hidden=\"true\" class=\"ri-arrow-right-line\"><\/i>\t\t\t\t\t<\/em>\t\r\n\t\t\t\t\t\t\t\t<\/span>\r\n\t\t\t<\/a>\r\n\t\t<\/div>\r\n\t\t\t\t<\/div>\n\t\t\t\t<\/div>\n\t\t\t\t<\/div>\n\t\t\t\t\t<\/div>\n\t\t\t\t<\/div>\n\t\t\r\n\t\t<div class=\"default no-position show_shadow rs-sticky-default elementor-element elementor-element-96b9faf e-flex e-con-boxed e-con e-parent\" data-id=\"96b9faf\" data-element_type=\"container\" data-e-type=\"container\">\n\t\t\t\t\t<div class=\"e-con-inner\">\n\t\t\r\n\t\t\t\t<div class=\"elementor-element elementor-element-452e298 elementor-widget elementor-widget-spacer\" data-id=\"452e298\" data-element_type=\"widget\" data-e-type=\"widget\" data-widget_type=\"spacer.default\">\n\t\t\t\t<div class=\"elementor-widget-container\">\n\t\t\t\t\t\t\t<div class=\"elementor-spacer\">\n\t\t\t<div class=\"elementor-spacer-inner\"><\/div>\n\t\t<\/div>\n\t\t\t\t\t\t<\/div>\n\t\t\t\t<\/div>\n\t\t\t\t\t<\/div>\n\t\t\t\t<\/div>\n\t\t\t\t<\/div>\n\t\t","protected":false},"excerpt":{"rendered":"<p>MACRO Quienes Somos Nuestra Misi\u00f3n Nos importa entregar un producto de calidad, pensado para las condiciones espec\u00edficas de cada nuevo desaf\u00edo. La sinerg\u00eda que resulta de la relaci\u00f3n entre todas las \u00e1reas de MACRO aporta una visi\u00f3n global del tema inmobiliario que nos permite lograr proyectos bien conceptualizados desde su origen. \u00a0 Nuestra Visi\u00f3n SOMOS\u00a0una&#8230;<\/p>\n","protected":false},"author":1,"featured_media":0,"parent":0,"menu_order":0,"comment_status":"closed","ping_status":"open","template":"elementor_header_footer","meta":{"footnotes":""},"class_list":["post-21","page","type-page","status-publish","hentry"],"aioseo_notices":[],"_links":{"self":[{"href":"https:\/\/www.macro.cl\/index.php?rest_route=\/wp\/v2\/pages\/21","targetHints":{"allow":["GET"]}}],"collection":[{"href":"https:\/\/www.macro.cl\/index.php?rest_route=\/wp\/v2\/pages"}],"about":[{"href":"https:\/\/www.macro.cl\/index.php?rest_route=\/wp\/v2\/types\/page"}],"author":[{"embeddable":true,"href":"https:\/\/www.macro.cl\/index.php?rest_route=\/wp\/v2\/users\/1"}],"replies":[{"embeddable":true,"href":"https:\/\/www.macro.cl\/index.php?rest_route=%2Fwp%2Fv2%2Fcomments&post=21"}],"version-history":[{"count":100,"href":"https:\/\/www.macro.cl\/index.php?rest_route=\/wp\/v2\/pages\/21\/revisions"}],"predecessor-version":[{"id":30175,"href":"https:\/\/www.macro.cl\/index.php?rest_route=\/wp\/v2\/pages\/21\/revisions\/30175"}],"wp:attachment":[{"href":"https:\/\/www.macro.cl\/index.php?rest_route=%2Fwp%2Fv2%2Fmedia&parent=21"}],"curies":[{"name":"wp","href":"https:\/\/api.w.org\/{rel}","templated":true}]}}